{"id":1196,"date":"2025-12-09T09:58:35","date_gmt":"2025-12-09T06:58:35","guid":{"rendered":"https:\/\/www.sarginuluslararasi.com\/?page_id=1196"},"modified":"2025-12-09T10:00:35","modified_gmt":"2025-12-09T07:00:35","slug":"anket","status":"publish","type":"page","link":"https:\/\/www.sarginuluslararasi.com\/?page_id=1196","title":{"rendered":"ANKET"},"content":{"rendered":"\n<h2 class=\"wp-block-heading\"><strong>G\u00d6R\u00dc\u015eLER\u0130N\u0130Z B\u0130Z\u0130M \u0130\u00c7\u0130N DE\u011eERL\u0130<\/strong><\/h2>\n\n\n\n<p>Dilek, \u015fikayet ve \u00f6nerilerinizi a\u015fa\u011f\u0131daki alana yazabilirsiniz.<\/p>\n\n\n\n<p><\/p>\n\n\n","protected":false},"excerpt":{"rendered":"<p>G\u00d6R\u00dc\u015eLER\u0130N\u0130Z B\u0130Z\u0130M \u0130\u00c7\u0130N DE\u011eERL\u0130 Dilek, \u015fikayet ve \u00f6nerilerinizi a\u015fa\u011f\u0131daki alana yazabilirsiniz.<\/p>\n","protected":false},"author":1,"featured_media":0,"parent":0,"menu_order":0,"comment_status":"closed","ping_status":"closed","template":"","meta":{"saved_in_kubio":true,"footnotes":""},"class_list":["post-1196","page","type-page","status-publish","hentry"],"kubio_ai_page_context":{"short_desc":"","purpose":"general"},"_links":{"self":[{"href":"https:\/\/www.sarginuluslararasi.com\/index.php?rest_route=\/wp\/v2\/pages\/1196","targetHints":{"allow":["GET"]}}],"collection":[{"href":"https:\/\/www.sarginuluslararasi.com\/index.php?rest_route=\/wp\/v2\/pages"}],"about":[{"href":"https:\/\/www.sarginuluslararasi.com\/index.php?rest_route=\/wp\/v2\/types\/page"}],"author":[{"embeddable":true,"href":"https:\/\/www.sarginuluslararasi.com\/index.php?rest_route=\/wp\/v2\/users\/1"}],"replies":[{"embeddable":true,"href":"https:\/\/www.sarginuluslararasi.com\/index.php?rest_route=%2Fwp%2Fv2%2Fcomments&post=1196"}],"version-history":[{"count":3,"href":"https:\/\/www.sarginuluslararasi.com\/index.php?rest_route=\/wp\/v2\/pages\/1196\/revisions"}],"predecessor-version":[{"id":1200,"href":"https:\/\/www.sarginuluslararasi.com\/index.php?rest_route=\/wp\/v2\/pages\/1196\/revisions\/1200"}],"wp:attachment":[{"href":"https:\/\/www.sarginuluslararasi.com\/index.php?rest_route=%2Fwp%2Fv2%2Fmedia&parent=1196"}],"curies":[{"name":"wp","href":"https:\/\/api.w.org\/{rel}","templated":true}]}}